{"id":107,"date":"2021-10-09T10:18:32","date_gmt":"2021-10-09T10:18:32","guid":{"rendered":"https:\/\/saintecatherine.centreest.ca\/?page_id=107"},"modified":"2021-10-30T00:57:00","modified_gmt":"2021-10-30T06:57:00","slug":"coup-de-coeur","status":"publish","type":"page","link":"https:\/\/saintecatherine.centreest.ca\/en\/team\/coup-de-coeur\/","title":{"rendered":"Coup de coeur"},"content":{"rendered":"<div class=\"wpb-content-wrapper\"><p>[vc_row][vc_column][vc_column_text]<img loading=\"lazy\" decoding=\"async\" class=\"alignnone wp-image-748 size-full\" src=\"https:\/\/saintecatherine.centreest.ca\/wp-content\/uploads\/2021\/10\/banniere_coup-1.jpg\" alt=\"\" width=\"1706\" height=\"414\" srcset=\"https:\/\/saintecatherine.centreest.ca\/wp-content\/uploads\/2021\/10\/banniere_coup-1.jpg 1706w, https:\/\/saintecatherine.centreest.ca\/wp-content\/uploads\/2021\/10\/banniere_coup-1-300x73.jpg 300w, https:\/\/saintecatherine.centreest.ca\/wp-content\/uploads\/2021\/10\/banniere_coup-1-1024x248.jpg 1024w, https:\/\/saintecatherine.centreest.ca\/wp-content\/uploads\/2021\/10\/banniere_coup-1-768x186.jpg 768w, https:\/\/saintecatherine.centreest.ca\/wp-content\/uploads\/2021\/10\/banniere_coup-1-1536x373.jpg 1536w\" sizes=\"auto, (max-width: 1706px) 100vw, 1706px\" \/>[\/vc_column_text][\/vc_column][\/vc_row][vc_row type=&#8221;container&#8221;][vc_column]\t\t<!-- HTML CODE WILL GOES HERE - START -->\n\t\t<!-- Testimonial Section -->\n\t\t<div class=\"testimonial-section pt_20 pb_60\">\n\t\t\t<div id=\"carouselExampleControls\" class=\"carousel slide carousel-fade\" data-bs-ride=\"carousel\">\n\t\t\t\t<div class=\"carousel-inner\">\n\t\t\t\t\t\t\t\t\t\t\t<div class=\"carousel-item active\">\n\t\t\t\t\t\t\t<div class=\"testi-box text-center\">\n\t\t\t\t\t\t\t\t<div class=\"testi-box-inner\">\n\t\t\t\t\t\t\t\t\t<i class=\"quote-icon icon-signs1\"><\/i>\n\t\t\t\t\t\t\t\t\t<h5>\u00c9cole Sainte-Catherine<\/h5>\t\t\t\t\t\t\t\t\t<p>J\u2019aime l\u2019\u00e9cole Sainte-Catherine parce qu\u2019il y a de l\u2019\u00c9ducation physique et des sorties de patinage. On \u00e9coute aussi de la musique fran\u00e7aise au d\u00eener.<\/p>\n\t\t\t\t\t\t\t\t\t\t\t\t\t\t\t\t\t\t\t<div class=\"author-info\">\n\t\t\t\t\t\t\t\t\t\t\t<p><i>Harvey<\/i><\/p>\n\t\t\t\t\t\t\t\t\t\t<\/div>\n\t\t\t\t\t\t\t\t\t\t\t\t\t\t\t\t\t\t<\/div>\n\t\t\t\t\t\t\t<\/div>\n\t\t\t\t\t\t<\/div>\n\t\t\t\t\t\t\t\t\t\t\t\t<div class=\"carousel-item\">\n\t\t\t\t\t\t\t<div class=\"testi-box text-center\">\n\t\t\t\t\t\t\t\t<div class=\"testi-box-inner\">\n\t\t\t\t\t\t\t\t\t<i class=\"quote-icon icon-signs1\"><\/i>\n\t\t\t\t\t\t\t\t\t<h5>Plein de beaux d\u00e9fis!<\/h5>\t\t\t\t\t\t\t\t\t<p>J\u2019aime aller \u00e0 l\u2019\u00e9cole Sainte-Catherine parce que \u00e7a me donne plein de beaux d\u00e9fis. J\u2019aime mes cours d\u2019\u00e9ducation physique et de math\u00e9matiques. J\u2019aime lire, parler en fran\u00e7ais et faire de l\u2019\u00e9coute de la lecture (Boukili).<\/p>\n\t\t\t\t\t\t\t\t\t\t\t\t\t\t\t\t\t\t\t<div class=\"author-info\">\n\t\t\t\t\t\t\t\t\t\t\t<p><i>Ezra<\/i><\/p>\n\t\t\t\t\t\t\t\t\t\t<\/div>\n\t\t\t\t\t\t\t\t\t\t\t\t\t\t\t\t\t\t<\/div>\n\t\t\t\t\t\t\t<\/div>\n\t\t\t\t\t\t<\/div>\n\t\t\t\t\t\t\t\t\t\t\t\t<div class=\"carousel-item\">\n\t\t\t\t\t\t\t<div class=\"testi-box text-center\">\n\t\t\t\t\t\t\t\t<div class=\"testi-box-inner\">\n\t\t\t\t\t\t\t\t\t<i class=\"quote-icon icon-signs1\"><\/i>\n\t\t\t\t\t\t\t\t\t<h5>J\u2019aime mon \u00e9cole!\n<\/h5>\t\t\t\t\t\t\t\t\t<p>J\u2019aime mon \u00e9cole parce que j\u2019ai beaucoup d\u2019amis ici. J\u2019aime \u00eatre le chef et m\u2019assoir sur le tapis.<\/p>\n\t\t\t\t\t\t\t\t\t\t\t\t\t\t\t\t\t\t\t<div class=\"author-info\">\n\t\t\t\t\t\t\t\t\t\t\t<p><i>Jake<\/i><\/p>\n\t\t\t\t\t\t\t\t\t\t<\/div>\n\t\t\t\t\t\t\t\t\t\t\t\t\t\t\t\t\t\t<\/div>\n\t\t\t\t\t\t\t<\/div>\n\t\t\t\t\t\t<\/div>\n\t\t\t\t\t\t\t\t\t\t\t\t<div class=\"carousel-item\">\n\t\t\t\t\t\t\t<div class=\"testi-box text-center\">\n\t\t\t\t\t\t\t\t<div class=\"testi-box-inner\">\n\t\t\t\t\t\t\t\t\t<i class=\"quote-icon icon-signs1\"><\/i>\n\t\t\t\t\t\t\t\t\t<h5>T\u00e9moignage d\u2019une \u00e9l\u00e8ve<\/h5>\t\t\t\t\t\t\t\t\t<p>J\u2019aime apprendre des nouvelles choses en fran\u00e7ais!<\/p>\n\t\t\t\t\t\t\t\t\t\t\t\t\t\t\t\t\t\t\t<div class=\"author-info\">\n\t\t\t\t\t\t\t\t\t\t\t<p><i>Cerys<\/i><\/p>\n\t\t\t\t\t\t\t\t\t\t<\/div>\n\t\t\t\t\t\t\t\t\t\t\t\t\t\t\t\t\t\t<\/div>\n\t\t\t\t\t\t\t<\/div>\n\t\t\t\t\t\t<\/div>\n\t\t\t\t\t\t\t\t\t\t<\/div>\n\t\t\t<\/div>\n\t\t<\/div><!-- Testimonial Section \/- -->\n\t\t<!-- HTML CODE WILL GOES HERE - END -->\n\t\t[\/vc_column][\/vc_row]<\/p>\n<\/div>","protected":false},"excerpt":{"rendered":"<p>[vc_row][vc_column][vc_column_text][\/vc_column_text][\/vc_column][\/vc_row][vc_row type=&#8221;container&#8221;][vc_column][\/vc_column][\/vc_row]<\/p>\n","protected":false},"author":1,"featured_media":0,"parent":104,"menu_order":0,"comment_status":"closed","ping_status":"closed","template":"","meta":{"footnotes":""},"class_list":["post-107","page","type-page","status-publish","hentry"],"_links":{"self":[{"href":"https:\/\/saintecatherine.centreest.ca\/en\/wp-json\/wp\/v2\/pages\/107","targetHints":{"allow":["GET"]}}],"collection":[{"href":"https:\/\/saintecatherine.centreest.ca\/en\/wp-json\/wp\/v2\/pages"}],"about":[{"href":"https:\/\/saintecatherine.centreest.ca\/en\/wp-json\/wp\/v2\/types\/page"}],"author":[{"embeddable":true,"href":"https:\/\/saintecatherine.centreest.ca\/en\/wp-json\/wp\/v2\/users\/1"}],"replies":[{"embeddable":true,"href":"https:\/\/saintecatherine.centreest.ca\/en\/wp-json\/wp\/v2\/comments?post=107"}],"version-history":[{"count":0,"href":"https:\/\/saintecatherine.centreest.ca\/en\/wp-json\/wp\/v2\/pages\/107\/revisions"}],"up":[{"embeddable":true,"href":"https:\/\/saintecatherine.centreest.ca\/en\/wp-json\/wp\/v2\/pages\/104"}],"wp:attachment":[{"href":"https:\/\/saintecatherine.centreest.ca\/en\/wp-json\/wp\/v2\/media?parent=107"}],"curies":[{"name":"wp","href":"https:\/\/api.w.org\/{rel}","templated":true}]}}